{"id":11855,"date":"2022-01-24T17:48:02","date_gmt":"2022-01-24T17:48:02","guid":{"rendered":"https:\/\/www.gilbert-tech.com\/?page_id=11855"},"modified":"2024-07-12T15:07:55","modified_gmt":"2024-07-12T15:07:55","slug":"our-performing-piledriver-at-mercer-timber-products","status":"publish","type":"page","link":"https:\/\/www.gilbert-tech.com\/en\/planermill\/job-stories\/our-performing-piledriver-at-mercer-timber-products\/","title":{"rendered":"Our performing planer at Mercer Timber Products"},"content":{"rendered":"<p><img loading=\"lazy\" decoding=\"async\" class=\" wp-image-7203 alignleft\" src=\"https:\/\/www.gilbert-tech.com\/wp-content\/uploads\/2020\/01\/Mercer-300x225.jpg\" alt=\"La plus rapide au monde, la raboteuse Haute Vitesse Gilbert impressionne par sa production in\u00e9gal\u00e9e de pi\u00e8ces\u00a0: plus de 300 pi\u00e8ces par minute\" width=\"375\" height=\"281\" srcset=\"https:\/\/www.gilbert-tech.com\/wp-content\/uploads\/2020\/01\/Mercer-300x225.jpg 300w, https:\/\/www.gilbert-tech.com\/wp-content\/uploads\/2020\/01\/Mercer-1024x768.jpg 1024w, https:\/\/www.gilbert-tech.com\/wp-content\/uploads\/2020\/01\/Mercer-768x576.jpg 768w, https:\/\/www.gilbert-tech.com\/wp-content\/uploads\/2020\/01\/Mercer-1536x1152.jpg 1536w, https:\/\/www.gilbert-tech.com\/wp-content\/uploads\/2020\/01\/Mercer.jpg 2016w\" sizes=\"auto, (max-width: 375px) 100vw, 375px\" \/>Gilbert is proud to have the fastest running and most high performing planers in the world!<br \/>\nWe invite you to watch this short video and testimony of our planer installation at Mercer Timber Products in Saalburg-Ebersdorf Germany.<\/p>\n<p>We are very grateful to work with such outstanding customers.<\/p>\n<p><a href=\"https:\/\/vimeo.com\/649957291\">WATCH THE VIDEO<\/a><\/p>\n<p>&nbsp;<\/p>\n","protected":false},"excerpt":{"rendered":"<p>Gilbert is proud to have the fastest running and most high performing planers in the world! We invite you to watch this short video and testimony of our planer installation at Mercer Timber Products in Saalburg-Ebersdorf Germany. We are very grateful to work with such outstanding customers. WATCH THE VIDEO &nbsp;<\/p>\n","protected":false},"author":2,"featured_media":9821,"parent":11276,"menu_order":0,"comment_status":"closed","ping_status":"closed","template":"template-single-projet.php","meta":{"_acf_changed":false,"footnotes":""},"class_list":["post-11855","page","type-page","status-publish","has-post-thumbnail","hentry"],"acf":[],"yoast_head":"<!-- This site is optimized with the Yoast SEO Premium plugin v25.8 (Yoast SEO v25.8) - https:\/\/yoast.com\/wordpress\/plugins\/seo\/ -->\n<title>Performing Planer at Mercer Timber | Gilbert Products<\/title>\n<meta name=\"description\" content=\"We invite you to watch this short video and testimony of our performing planer at Mercer Timber Products in Germany.\" \/>\n<meta name=\"robots\" content=\"index, follow, max-snippet:-1, max-image-preview:large, max-video-preview:-1\" \/>\n<link rel=\"canonical\" href=\"https:\/\/www.gilbert-tech.com\/en\/planermill\/job-stories\/our-performing-piledriver-at-mercer-timber-products\/\" \/>\n<meta property=\"og:locale\" content=\"en_US\" \/>\n<meta property=\"og:type\" content=\"article\" \/>\n<meta property=\"og:title\" content=\"Our performing planer at Mercer Timber Products\" \/>\n<meta property=\"og:description\" content=\"We invite you to watch this short video and testimony of our performing planer at Mercer Timber Products in Germany.\" \/>\n<meta property=\"og:url\" content=\"https:\/\/www.gilbert-tech.com\/en\/planermill\/job-stories\/our-performing-piledriver-at-mercer-timber-products\/\" \/>\n<meta property=\"og:site_name\" content=\"Les Produits Gilbert\" \/>\n<meta property=\"article:publisher\" content=\"https:\/\/www.facebook.com\/profile.php?id=100063548473541&amp;viewas&amp;show_switched_toast=false&amp;show_switched_tooltip=false&amp;is_tour_dismissed=false&amp;is_tour_completed=false&amp;show_podcast_settings=false&amp;show_community_review_changes=false&amp;should_open_composer=false&amp;badge_type=NEW_MEMBER&amp;show_community_rollback_toast=false&amp;show_community_rollback=false&amp;show_follower_visibility_disclosure=false&amp;bypass_exit_warning=true&amp;locale=fr_CA\" \/>\n<meta property=\"article:modified_time\" content=\"2024-07-12T15:07:55+00:00\" \/>\n<meta property=\"og:image\" content=\"https:\/\/www.gilbert-tech.com\/wp-content\/uploads\/2019\/04\/Mercer.jpg\" \/>\n\t<meta property=\"og:image:width\" content=\"2016\" \/>\n\t<meta property=\"og:image:height\" content=\"1512\" \/>\n\t<meta property=\"og:image:type\" content=\"image\/jpeg\" \/>\n<meta name=\"twitter:card\" content=\"summary_large_image\" \/>\n<meta name=\"twitter:label1\" content=\"Est. reading time\" \/>\n\t<meta name=\"twitter:data1\" content=\"1 minute\" \/>\n<script type=\"application\/ld+json\" class=\"yoast-schema-graph\">{\"@context\":\"https:\/\/schema.org\",\"@graph\":[{\"@type\":\"WebPage\",\"@id\":\"https:\/\/www.gilbert-tech.com\/en\/planermill\/job-stories\/our-performing-piledriver-at-mercer-timber-products\/\",\"url\":\"https:\/\/www.gilbert-tech.com\/en\/planermill\/job-stories\/our-performing-piledriver-at-mercer-timber-products\/\",\"name\":\"Performing Planer at Mercer Timber | Gilbert Products\",\"isPartOf\":{\"@id\":\"https:\/\/www.gilbert-tech.com\/en\/#website\"},\"primaryImageOfPage\":{\"@id\":\"https:\/\/www.gilbert-tech.com\/en\/planermill\/job-stories\/our-performing-piledriver-at-mercer-timber-products\/#primaryimage\"},\"image\":{\"@id\":\"https:\/\/www.gilbert-tech.com\/en\/planermill\/job-stories\/our-performing-piledriver-at-mercer-timber-products\/#primaryimage\"},\"thumbnailUrl\":\"https:\/\/www.gilbert-tech.com\/wp-content\/uploads\/2019\/04\/Mercer.jpg\",\"datePublished\":\"2022-01-24T17:48:02+00:00\",\"dateModified\":\"2024-07-12T15:07:55+00:00\",\"description\":\"We invite you to watch this short video and testimony of our performing planer at Mercer Timber Products in Germany.\",\"breadcrumb\":{\"@id\":\"https:\/\/www.gilbert-tech.com\/en\/planermill\/job-stories\/our-performing-piledriver-at-mercer-timber-products\/#breadcrumb\"},\"inLanguage\":\"en-US\",\"potentialAction\":[{\"@type\":\"ReadAction\",\"target\":[\"https:\/\/www.gilbert-tech.com\/en\/planermill\/job-stories\/our-performing-piledriver-at-mercer-timber-products\/\"]}]},{\"@type\":\"ImageObject\",\"inLanguage\":\"en-US\",\"@id\":\"https:\/\/www.gilbert-tech.com\/en\/planermill\/job-stories\/our-performing-piledriver-at-mercer-timber-products\/#primaryimage\",\"url\":\"https:\/\/www.gilbert-tech.com\/wp-content\/uploads\/2019\/04\/Mercer.jpg\",\"contentUrl\":\"https:\/\/www.gilbert-tech.com\/wp-content\/uploads\/2019\/04\/Mercer.jpg\",\"width\":2016,\"height\":1512,\"caption\":\"A yellow and grey Gilbert planer-moulder in a woodworking workshop. The machine is equipped with several orange feed rollers, a dust collection system, and safety features.\"},{\"@type\":\"BreadcrumbList\",\"@id\":\"https:\/\/www.gilbert-tech.com\/en\/planermill\/job-stories\/our-performing-piledriver-at-mercer-timber-products\/#breadcrumb\",\"itemListElement\":[{\"@type\":\"ListItem\",\"position\":1,\"name\":\"Home\",\"item\":\"https:\/\/www.gilbert-tech.com\/en\/\"},{\"@type\":\"ListItem\",\"position\":2,\"name\":\"Planermill\",\"item\":\"https:\/\/www.gilbert-tech.com\/en\/planermill\/\"},{\"@type\":\"ListItem\",\"position\":3,\"name\":\"Job stories\",\"item\":\"https:\/\/www.gilbert-tech.com\/en\/planermill\/job-stories\/\"},{\"@type\":\"ListItem\",\"position\":4,\"name\":\"Our performing planer at Mercer Timber Products\"}]},{\"@type\":\"WebSite\",\"@id\":\"https:\/\/www.gilbert-tech.com\/en\/#website\",\"url\":\"https:\/\/www.gilbert-tech.com\/en\/\",\"name\":\"Les Produits Gilbert\",\"description\":\"Innovation. Qualit\u00e9. Productivit\u00e9.\",\"publisher\":{\"@id\":\"https:\/\/www.gilbert-tech.com\/en\/#organization\"},\"potentialAction\":[{\"@type\":\"SearchAction\",\"target\":{\"@type\":\"EntryPoint\",\"urlTemplate\":\"https:\/\/www.gilbert-tech.com\/en\/?s={search_term_string}\"},\"query-input\":{\"@type\":\"PropertyValueSpecification\",\"valueRequired\":true,\"valueName\":\"search_term_string\"}}],\"inLanguage\":\"en-US\"},{\"@type\":\"Organization\",\"@id\":\"https:\/\/www.gilbert-tech.com\/en\/#organization\",\"name\":\"Gilbert Products\",\"url\":\"https:\/\/www.gilbert-tech.com\/en\/\",\"logo\":{\"@type\":\"ImageObject\",\"inLanguage\":\"en-US\",\"@id\":\"https:\/\/www.gilbert-tech.com\/en\/#\/schema\/logo\/image\/\",\"url\":\"https:\/\/www.gilbert-tech.com\/wp-content\/uploads\/2025\/03\/305270727_507252688069676_4369697491652398340_n.jpg\",\"contentUrl\":\"https:\/\/www.gilbert-tech.com\/wp-content\/uploads\/2025\/03\/305270727_507252688069676_4369697491652398340_n.jpg\",\"width\":1638,\"height\":1638,\"caption\":\"Gilbert Products\"},\"image\":{\"@id\":\"https:\/\/www.gilbert-tech.com\/en\/#\/schema\/logo\/image\/\"},\"sameAs\":[\"https:\/\/www.facebook.com\/profile.php?id=100063548473541&viewas&show_switched_toast=false&show_switched_tooltip=false&is_tour_dismissed=false&is_tour_completed=false&show_podcast_settings=false&show_community_review_changes=false&should_open_composer=false&badge_type=NEW_MEMBER&show_community_rollback_toast=false&show_community_rollback=false&show_follower_visibility_disclosure=false&bypass_exit_warning=true&locale=fr_CA\"]}]}<\/script>\n<!-- \/ Yoast SEO Premium plugin. -->","yoast_head_json":{"title":"Performing Planer at Mercer Timber | Gilbert Products","description":"We invite you to watch this short video and testimony of our performing planer at Mercer Timber Products in Germany.","robots":{"index":"index","follow":"follow","max-snippet":"max-snippet:-1","max-image-preview":"max-image-preview:large","max-video-preview":"max-video-preview:-1"},"canonical":"https:\/\/www.gilbert-tech.com\/en\/planermill\/job-stories\/our-performing-piledriver-at-mercer-timber-products\/","og_locale":"en_US","og_type":"article","og_title":"Our performing planer at Mercer Timber Products","og_description":"We invite you to watch this short video and testimony of our performing planer at Mercer Timber Products in Germany.","og_url":"https:\/\/www.gilbert-tech.com\/en\/planermill\/job-stories\/our-performing-piledriver-at-mercer-timber-products\/","og_site_name":"Les Produits Gilbert","article_publisher":"https:\/\/www.facebook.com\/profile.php?id=100063548473541&viewas&show_switched_toast=false&show_switched_tooltip=false&is_tour_dismissed=false&is_tour_completed=false&show_podcast_settings=false&show_community_review_changes=false&should_open_composer=false&badge_type=NEW_MEMBER&show_community_rollback_toast=false&show_community_rollback=false&show_follower_visibility_disclosure=false&bypass_exit_warning=true&locale=fr_CA","article_modified_time":"2024-07-12T15:07:55+00:00","og_image":[{"width":2016,"height":1512,"url":"https:\/\/www.gilbert-tech.com\/wp-content\/uploads\/2019\/04\/Mercer.jpg","type":"image\/jpeg"}],"twitter_card":"summary_large_image","twitter_misc":{"Est. reading time":"1 minute"},"schema":{"@context":"https:\/\/schema.org","@graph":[{"@type":"WebPage","@id":"https:\/\/www.gilbert-tech.com\/en\/planermill\/job-stories\/our-performing-piledriver-at-mercer-timber-products\/","url":"https:\/\/www.gilbert-tech.com\/en\/planermill\/job-stories\/our-performing-piledriver-at-mercer-timber-products\/","name":"Performing Planer at Mercer Timber | Gilbert Products","isPartOf":{"@id":"https:\/\/www.gilbert-tech.com\/en\/#website"},"primaryImageOfPage":{"@id":"https:\/\/www.gilbert-tech.com\/en\/planermill\/job-stories\/our-performing-piledriver-at-mercer-timber-products\/#primaryimage"},"image":{"@id":"https:\/\/www.gilbert-tech.com\/en\/planermill\/job-stories\/our-performing-piledriver-at-mercer-timber-products\/#primaryimage"},"thumbnailUrl":"https:\/\/www.gilbert-tech.com\/wp-content\/uploads\/2019\/04\/Mercer.jpg","datePublished":"2022-01-24T17:48:02+00:00","dateModified":"2024-07-12T15:07:55+00:00","description":"We invite you to watch this short video and testimony of our performing planer at Mercer Timber Products in Germany.","breadcrumb":{"@id":"https:\/\/www.gilbert-tech.com\/en\/planermill\/job-stories\/our-performing-piledriver-at-mercer-timber-products\/#breadcrumb"},"inLanguage":"en-US","potentialAction":[{"@type":"ReadAction","target":["https:\/\/www.gilbert-tech.com\/en\/planermill\/job-stories\/our-performing-piledriver-at-mercer-timber-products\/"]}]},{"@type":"ImageObject","inLanguage":"en-US","@id":"https:\/\/www.gilbert-tech.com\/en\/planermill\/job-stories\/our-performing-piledriver-at-mercer-timber-products\/#primaryimage","url":"https:\/\/www.gilbert-tech.com\/wp-content\/uploads\/2019\/04\/Mercer.jpg","contentUrl":"https:\/\/www.gilbert-tech.com\/wp-content\/uploads\/2019\/04\/Mercer.jpg","width":2016,"height":1512,"caption":"A yellow and grey Gilbert planer-moulder in a woodworking workshop. The machine is equipped with several orange feed rollers, a dust collection system, and safety features."},{"@type":"BreadcrumbList","@id":"https:\/\/www.gilbert-tech.com\/en\/planermill\/job-stories\/our-performing-piledriver-at-mercer-timber-products\/#breadcrumb","itemListElement":[{"@type":"ListItem","position":1,"name":"Home","item":"https:\/\/www.gilbert-tech.com\/en\/"},{"@type":"ListItem","position":2,"name":"Planermill","item":"https:\/\/www.gilbert-tech.com\/en\/planermill\/"},{"@type":"ListItem","position":3,"name":"Job stories","item":"https:\/\/www.gilbert-tech.com\/en\/planermill\/job-stories\/"},{"@type":"ListItem","position":4,"name":"Our performing planer at Mercer Timber Products"}]},{"@type":"WebSite","@id":"https:\/\/www.gilbert-tech.com\/en\/#website","url":"https:\/\/www.gilbert-tech.com\/en\/","name":"Les Produits Gilbert","description":"Innovation. Qualit\u00e9. Productivit\u00e9.","publisher":{"@id":"https:\/\/www.gilbert-tech.com\/en\/#organization"},"potentialAction":[{"@type":"SearchAction","target":{"@type":"EntryPoint","urlTemplate":"https:\/\/www.gilbert-tech.com\/en\/?s={search_term_string}"},"query-input":{"@type":"PropertyValueSpecification","valueRequired":true,"valueName":"search_term_string"}}],"inLanguage":"en-US"},{"@type":"Organization","@id":"https:\/\/www.gilbert-tech.com\/en\/#organization","name":"Gilbert Products","url":"https:\/\/www.gilbert-tech.com\/en\/","logo":{"@type":"ImageObject","inLanguage":"en-US","@id":"https:\/\/www.gilbert-tech.com\/en\/#\/schema\/logo\/image\/","url":"https:\/\/www.gilbert-tech.com\/wp-content\/uploads\/2025\/03\/305270727_507252688069676_4369697491652398340_n.jpg","contentUrl":"https:\/\/www.gilbert-tech.com\/wp-content\/uploads\/2025\/03\/305270727_507252688069676_4369697491652398340_n.jpg","width":1638,"height":1638,"caption":"Gilbert Products"},"image":{"@id":"https:\/\/www.gilbert-tech.com\/en\/#\/schema\/logo\/image\/"},"sameAs":["https:\/\/www.facebook.com\/profile.php?id=100063548473541&viewas&show_switched_toast=false&show_switched_tooltip=false&is_tour_dismissed=false&is_tour_completed=false&show_podcast_settings=false&show_community_review_changes=false&should_open_composer=false&badge_type=NEW_MEMBER&show_community_rollback_toast=false&show_community_rollback=false&show_follower_visibility_disclosure=false&bypass_exit_warning=true&locale=fr_CA"]}]}},"_links":{"self":[{"href":"https:\/\/www.gilbert-tech.com\/en\/wp-json\/wp\/v2\/pages\/11855","targetHints":{"allow":["GET"]}}],"collection":[{"href":"https:\/\/www.gilbert-tech.com\/en\/wp-json\/wp\/v2\/pages"}],"about":[{"href":"https:\/\/www.gilbert-tech.com\/en\/wp-json\/wp\/v2\/types\/page"}],"author":[{"embeddable":true,"href":"https:\/\/www.gilbert-tech.com\/en\/wp-json\/wp\/v2\/users\/2"}],"replies":[{"embeddable":true,"href":"https:\/\/www.gilbert-tech.com\/en\/wp-json\/wp\/v2\/comments?post=11855"}],"version-history":[{"count":5,"href":"https:\/\/www.gilbert-tech.com\/en\/wp-json\/wp\/v2\/pages\/11855\/revisions"}],"predecessor-version":[{"id":13263,"href":"https:\/\/www.gilbert-tech.com\/en\/wp-json\/wp\/v2\/pages\/11855\/revisions\/13263"}],"up":[{"embeddable":true,"href":"https:\/\/www.gilbert-tech.com\/en\/wp-json\/wp\/v2\/pages\/11276"}],"wp:featuredmedia":[{"embeddable":true,"href":"https:\/\/www.gilbert-tech.com\/en\/wp-json\/wp\/v2\/media\/9821"}],"wp:attachment":[{"href":"https:\/\/www.gilbert-tech.com\/en\/wp-json\/wp\/v2\/media?parent=11855"}],"curies":[{"name":"wp","href":"https:\/\/api.w.org\/{rel}","templated":true}]}}