{"id":11262,"date":"2021-09-28T08:55:17","date_gmt":"2021-09-28T08:55:17","guid":{"rendered":"https:\/\/gilbert.dev.isomorph.agency\/forestry\/projets\/coupe-de-bois-energie-avec-la-tete-a-disque-gilbert\/"},"modified":"2024-07-15T14:19:28","modified_gmt":"2024-07-15T14:19:28","slug":"fuelwood-work-with-the-gilbert-saw-head","status":"publish","type":"page","link":"https:\/\/www.gilbert-tech.com\/en\/forestry\/job-stories\/fuelwood-work-with-the-gilbert-saw-head\/","title":{"rendered":"Fuelwood work with the Gilbert saw head"},"content":{"rendered":"<p><img loading=\"lazy\" decoding=\"async\" class=\"alignnone size-medium wp-image-1284\" src=\"https:\/\/www.gilbert-tech.com\/wp-content\/uploads\/sites\/3\/2020\/01\/T\u00eate-\u00e0-disque-3018-dans-le-d\u00e9partement-59-300x225.jpg\" alt=\"\" width=\"300\" height=\"225\" \/><\/p>\n<p>Application:\u00a0 \u00a0 \u00a0 \u00a0Fuelwood<\/p>\n<p>Place:\u00a0 \u00a0 \u00a0 \u00a0 \u00a0 \u00a0 \u00a0 \u00a0 \u00a0 \u00a0 59 Department, France<\/p>\n<p>Excavator:\u00a0 \u00a0 \u00a0 \u00a0 \u00a0 \u00a0Volvo 22 tonnes<\/p>\n<p>Client:\u00a0\u00a0\u00a0\u00a0\u00a0\u00a0\u00a0\u00a0\u00a0\u00a0\u00a0\u00a0\u00a0\u00a0\u00a0\u00a0\u00a0 SARL D.E.E.<\/p>\n<p>Located in SAINT-AMAND-LES-EAUX (59230), it specialises in the landscaping services sector.<\/p>\n","protected":false},"excerpt":{"rendered":"<p>Application:\u00a0 \u00a0 \u00a0 \u00a0Fuelwood Place:\u00a0 \u00a0 \u00a0 \u00a0 \u00a0 \u00a0 \u00a0 \u00a0 \u00a0 \u00a0 59 Department, France Excavator:\u00a0 \u00a0 \u00a0 \u00a0 \u00a0 \u00a0Volvo 22 tonnes Client:\u00a0\u00a0\u00a0\u00a0\u00a0\u00a0\u00a0\u00a0\u00a0\u00a0\u00a0\u00a0\u00a0\u00a0\u00a0\u00a0\u00a0 SARL D.E.E. Located in SAINT-AMAND-LES-EAUX (59230), it specialises in the landscaping services sector.<\/p>\n","protected":false},"author":196,"featured_media":10634,"parent":11260,"menu_order":0,"comment_status":"closed","ping_status":"closed","template":"template-single-projet.php","meta":{"_acf_changed":false,"footnotes":""},"class_list":["post-11262","page","type-page","status-publish","has-post-thumbnail","hentry"],"acf":[],"yoast_head":"<!-- This site is optimized with the Yoast SEO Premium plugin v25.8 (Yoast SEO v25.8) - https:\/\/yoast.com\/wordpress\/plugins\/seo\/ -->\n<title>Fuelwood work with the Gilbert saw head | Gilbert Products<\/title>\n<meta name=\"description\" content=\"A wood energy cut with the Gilbert Saw Head, by a company specialized in landscaping services in 59 Department, France .\" \/>\n<meta name=\"robots\" content=\"index, follow, max-snippet:-1, max-image-preview:large, max-video-preview:-1\" \/>\n<link rel=\"canonical\" href=\"https:\/\/www.gilbert-tech.com\/en\/forestry\/job-stories\/fuelwood-work-with-the-gilbert-saw-head\/\" \/>\n<meta property=\"og:locale\" content=\"en_US\" \/>\n<meta property=\"og:type\" content=\"article\" \/>\n<meta property=\"og:title\" content=\"Fuelwood work with the Gilbert saw head\" \/>\n<meta property=\"og:description\" content=\"A wood energy cut with the Gilbert Saw Head, by a company specialized in landscaping services in 59 Department, France .\" \/>\n<meta property=\"og:url\" content=\"https:\/\/www.gilbert-tech.com\/en\/forestry\/job-stories\/fuelwood-work-with-the-gilbert-saw-head\/\" \/>\n<meta property=\"og:site_name\" content=\"Les Produits Gilbert\" \/>\n<meta property=\"article:publisher\" content=\"https:\/\/www.facebook.com\/profile.php?id=100063548473541&amp;viewas&amp;show_switched_toast=false&amp;show_switched_tooltip=false&amp;is_tour_dismissed=false&amp;is_tour_completed=false&amp;show_podcast_settings=false&amp;show_community_review_changes=false&amp;should_open_composer=false&amp;badge_type=NEW_MEMBER&amp;show_community_rollback_toast=false&amp;show_community_rollback=false&amp;show_follower_visibility_disclosure=false&amp;bypass_exit_warning=true&amp;locale=fr_CA\" \/>\n<meta property=\"article:modified_time\" content=\"2024-07-15T14:19:28+00:00\" \/>\n<meta property=\"og:image\" content=\"https:\/\/www.gilbert-tech.com\/wp-content\/uploads\/2020\/01\/T\u00eate-\u00e0-disque-3018-dans-le-d\u00e9partement-59-1.jpg\" \/>\n\t<meta property=\"og:image:width\" content=\"1600\" \/>\n\t<meta property=\"og:image:height\" content=\"1200\" \/>\n\t<meta property=\"og:image:type\" content=\"image\/jpeg\" \/>\n<meta name=\"twitter:card\" content=\"summary_large_image\" \/>\n<meta name=\"twitter:label1\" content=\"Est. reading time\" \/>\n\t<meta name=\"twitter:data1\" content=\"1 minute\" \/>\n<script type=\"application\/ld+json\" class=\"yoast-schema-graph\">{\"@context\":\"https:\/\/schema.org\",\"@graph\":[{\"@type\":\"WebPage\",\"@id\":\"https:\/\/www.gilbert-tech.com\/en\/forestry\/job-stories\/fuelwood-work-with-the-gilbert-saw-head\/\",\"url\":\"https:\/\/www.gilbert-tech.com\/en\/forestry\/job-stories\/fuelwood-work-with-the-gilbert-saw-head\/\",\"name\":\"Fuelwood work with the Gilbert saw head | Gilbert Products\",\"isPartOf\":{\"@id\":\"https:\/\/www.gilbert-tech.com\/en\/#website\"},\"primaryImageOfPage\":{\"@id\":\"https:\/\/www.gilbert-tech.com\/en\/forestry\/job-stories\/fuelwood-work-with-the-gilbert-saw-head\/#primaryimage\"},\"image\":{\"@id\":\"https:\/\/www.gilbert-tech.com\/en\/forestry\/job-stories\/fuelwood-work-with-the-gilbert-saw-head\/#primaryimage\"},\"thumbnailUrl\":\"https:\/\/www.gilbert-tech.com\/wp-content\/uploads\/2020\/01\/T\u00eate-\u00e0-disque-3018-dans-le-d\u00e9partement-59-1.jpg\",\"datePublished\":\"2021-09-28T08:55:17+00:00\",\"dateModified\":\"2024-07-15T14:19:28+00:00\",\"description\":\"A wood energy cut with the Gilbert Saw Head, by a company specialized in landscaping services in 59 Department, France .\",\"breadcrumb\":{\"@id\":\"https:\/\/www.gilbert-tech.com\/en\/forestry\/job-stories\/fuelwood-work-with-the-gilbert-saw-head\/#breadcrumb\"},\"inLanguage\":\"en-US\",\"potentialAction\":[{\"@type\":\"ReadAction\",\"target\":[\"https:\/\/www.gilbert-tech.com\/en\/forestry\/job-stories\/fuelwood-work-with-the-gilbert-saw-head\/\"]}]},{\"@type\":\"ImageObject\",\"inLanguage\":\"en-US\",\"@id\":\"https:\/\/www.gilbert-tech.com\/en\/forestry\/job-stories\/fuelwood-work-with-the-gilbert-saw-head\/#primaryimage\",\"url\":\"https:\/\/www.gilbert-tech.com\/wp-content\/uploads\/2020\/01\/T\u00eate-\u00e0-disque-3018-dans-le-d\u00e9partement-59-1.jpg\",\"contentUrl\":\"https:\/\/www.gilbert-tech.com\/wp-content\/uploads\/2020\/01\/T\u00eate-\u00e0-disque-3018-dans-le-d\u00e9partement-59-1.jpg\",\"width\":1600,\"height\":1200,\"caption\":\"A yellow Volvo excavator equipped with a Gilbert disc saw cutting head is cutting down a tree in a forest. The cutting head is large and powerful, with several toothed discs that rotate rapidly to cut the wood. The excavator is on tracks, which allows it to move easily over rough forest terrain. The cut tree is falling to the ground, and wood chips are flying through the air.\"},{\"@type\":\"BreadcrumbList\",\"@id\":\"https:\/\/www.gilbert-tech.com\/en\/forestry\/job-stories\/fuelwood-work-with-the-gilbert-saw-head\/#breadcrumb\",\"itemListElement\":[{\"@type\":\"ListItem\",\"position\":1,\"name\":\"Home\",\"item\":\"https:\/\/www.gilbert-tech.com\/en\/\"},{\"@type\":\"ListItem\",\"position\":2,\"name\":\"Forestry\",\"item\":\"https:\/\/www.gilbert-tech.com\/en\/forestry\/\"},{\"@type\":\"ListItem\",\"position\":3,\"name\":\"Job stories\",\"item\":\"https:\/\/www.gilbert-tech.com\/en\/forestry\/job-stories\/\"},{\"@type\":\"ListItem\",\"position\":4,\"name\":\"Fuelwood work with the Gilbert saw head\"}]},{\"@type\":\"WebSite\",\"@id\":\"https:\/\/www.gilbert-tech.com\/en\/#website\",\"url\":\"https:\/\/www.gilbert-tech.com\/en\/\",\"name\":\"Les Produits Gilbert\",\"description\":\"Innovation. Qualit\u00e9. Productivit\u00e9.\",\"publisher\":{\"@id\":\"https:\/\/www.gilbert-tech.com\/en\/#organization\"},\"potentialAction\":[{\"@type\":\"SearchAction\",\"target\":{\"@type\":\"EntryPoint\",\"urlTemplate\":\"https:\/\/www.gilbert-tech.com\/en\/?s={search_term_string}\"},\"query-input\":{\"@type\":\"PropertyValueSpecification\",\"valueRequired\":true,\"valueName\":\"search_term_string\"}}],\"inLanguage\":\"en-US\"},{\"@type\":\"Organization\",\"@id\":\"https:\/\/www.gilbert-tech.com\/en\/#organization\",\"name\":\"Gilbert Products\",\"url\":\"https:\/\/www.gilbert-tech.com\/en\/\",\"logo\":{\"@type\":\"ImageObject\",\"inLanguage\":\"en-US\",\"@id\":\"https:\/\/www.gilbert-tech.com\/en\/#\/schema\/logo\/image\/\",\"url\":\"https:\/\/www.gilbert-tech.com\/wp-content\/uploads\/2025\/03\/305270727_507252688069676_4369697491652398340_n.jpg\",\"contentUrl\":\"https:\/\/www.gilbert-tech.com\/wp-content\/uploads\/2025\/03\/305270727_507252688069676_4369697491652398340_n.jpg\",\"width\":1638,\"height\":1638,\"caption\":\"Gilbert Products\"},\"image\":{\"@id\":\"https:\/\/www.gilbert-tech.com\/en\/#\/schema\/logo\/image\/\"},\"sameAs\":[\"https:\/\/www.facebook.com\/profile.php?id=100063548473541&viewas&show_switched_toast=false&show_switched_tooltip=false&is_tour_dismissed=false&is_tour_completed=false&show_podcast_settings=false&show_community_review_changes=false&should_open_composer=false&badge_type=NEW_MEMBER&show_community_rollback_toast=false&show_community_rollback=false&show_follower_visibility_disclosure=false&bypass_exit_warning=true&locale=fr_CA\"]}]}<\/script>\n<!-- \/ Yoast SEO Premium plugin. -->","yoast_head_json":{"title":"Fuelwood work with the Gilbert saw head | Gilbert Products","description":"A wood energy cut with the Gilbert Saw Head, by a company specialized in landscaping services in 59 Department, France .","robots":{"index":"index","follow":"follow","max-snippet":"max-snippet:-1","max-image-preview":"max-image-preview:large","max-video-preview":"max-video-preview:-1"},"canonical":"https:\/\/www.gilbert-tech.com\/en\/forestry\/job-stories\/fuelwood-work-with-the-gilbert-saw-head\/","og_locale":"en_US","og_type":"article","og_title":"Fuelwood work with the Gilbert saw head","og_description":"A wood energy cut with the Gilbert Saw Head, by a company specialized in landscaping services in 59 Department, France .","og_url":"https:\/\/www.gilbert-tech.com\/en\/forestry\/job-stories\/fuelwood-work-with-the-gilbert-saw-head\/","og_site_name":"Les Produits Gilbert","article_publisher":"https:\/\/www.facebook.com\/profile.php?id=100063548473541&viewas&show_switched_toast=false&show_switched_tooltip=false&is_tour_dismissed=false&is_tour_completed=false&show_podcast_settings=false&show_community_review_changes=false&should_open_composer=false&badge_type=NEW_MEMBER&show_community_rollback_toast=false&show_community_rollback=false&show_follower_visibility_disclosure=false&bypass_exit_warning=true&locale=fr_CA","article_modified_time":"2024-07-15T14:19:28+00:00","og_image":[{"width":1600,"height":1200,"url":"https:\/\/www.gilbert-tech.com\/wp-content\/uploads\/2020\/01\/T\u00eate-\u00e0-disque-3018-dans-le-d\u00e9partement-59-1.jpg","type":"image\/jpeg"}],"twitter_card":"summary_large_image","twitter_misc":{"Est. reading time":"1 minute"},"schema":{"@context":"https:\/\/schema.org","@graph":[{"@type":"WebPage","@id":"https:\/\/www.gilbert-tech.com\/en\/forestry\/job-stories\/fuelwood-work-with-the-gilbert-saw-head\/","url":"https:\/\/www.gilbert-tech.com\/en\/forestry\/job-stories\/fuelwood-work-with-the-gilbert-saw-head\/","name":"Fuelwood work with the Gilbert saw head | Gilbert Products","isPartOf":{"@id":"https:\/\/www.gilbert-tech.com\/en\/#website"},"primaryImageOfPage":{"@id":"https:\/\/www.gilbert-tech.com\/en\/forestry\/job-stories\/fuelwood-work-with-the-gilbert-saw-head\/#primaryimage"},"image":{"@id":"https:\/\/www.gilbert-tech.com\/en\/forestry\/job-stories\/fuelwood-work-with-the-gilbert-saw-head\/#primaryimage"},"thumbnailUrl":"https:\/\/www.gilbert-tech.com\/wp-content\/uploads\/2020\/01\/T\u00eate-\u00e0-disque-3018-dans-le-d\u00e9partement-59-1.jpg","datePublished":"2021-09-28T08:55:17+00:00","dateModified":"2024-07-15T14:19:28+00:00","description":"A wood energy cut with the Gilbert Saw Head, by a company specialized in landscaping services in 59 Department, France .","breadcrumb":{"@id":"https:\/\/www.gilbert-tech.com\/en\/forestry\/job-stories\/fuelwood-work-with-the-gilbert-saw-head\/#breadcrumb"},"inLanguage":"en-US","potentialAction":[{"@type":"ReadAction","target":["https:\/\/www.gilbert-tech.com\/en\/forestry\/job-stories\/fuelwood-work-with-the-gilbert-saw-head\/"]}]},{"@type":"ImageObject","inLanguage":"en-US","@id":"https:\/\/www.gilbert-tech.com\/en\/forestry\/job-stories\/fuelwood-work-with-the-gilbert-saw-head\/#primaryimage","url":"https:\/\/www.gilbert-tech.com\/wp-content\/uploads\/2020\/01\/T\u00eate-\u00e0-disque-3018-dans-le-d\u00e9partement-59-1.jpg","contentUrl":"https:\/\/www.gilbert-tech.com\/wp-content\/uploads\/2020\/01\/T\u00eate-\u00e0-disque-3018-dans-le-d\u00e9partement-59-1.jpg","width":1600,"height":1200,"caption":"A yellow Volvo excavator equipped with a Gilbert disc saw cutting head is cutting down a tree in a forest. The cutting head is large and powerful, with several toothed discs that rotate rapidly to cut the wood. The excavator is on tracks, which allows it to move easily over rough forest terrain. The cut tree is falling to the ground, and wood chips are flying through the air."},{"@type":"BreadcrumbList","@id":"https:\/\/www.gilbert-tech.com\/en\/forestry\/job-stories\/fuelwood-work-with-the-gilbert-saw-head\/#breadcrumb","itemListElement":[{"@type":"ListItem","position":1,"name":"Home","item":"https:\/\/www.gilbert-tech.com\/en\/"},{"@type":"ListItem","position":2,"name":"Forestry","item":"https:\/\/www.gilbert-tech.com\/en\/forestry\/"},{"@type":"ListItem","position":3,"name":"Job stories","item":"https:\/\/www.gilbert-tech.com\/en\/forestry\/job-stories\/"},{"@type":"ListItem","position":4,"name":"Fuelwood work with the Gilbert saw head"}]},{"@type":"WebSite","@id":"https:\/\/www.gilbert-tech.com\/en\/#website","url":"https:\/\/www.gilbert-tech.com\/en\/","name":"Les Produits Gilbert","description":"Innovation. Qualit\u00e9. Productivit\u00e9.","publisher":{"@id":"https:\/\/www.gilbert-tech.com\/en\/#organization"},"potentialAction":[{"@type":"SearchAction","target":{"@type":"EntryPoint","urlTemplate":"https:\/\/www.gilbert-tech.com\/en\/?s={search_term_string}"},"query-input":{"@type":"PropertyValueSpecification","valueRequired":true,"valueName":"search_term_string"}}],"inLanguage":"en-US"},{"@type":"Organization","@id":"https:\/\/www.gilbert-tech.com\/en\/#organization","name":"Gilbert Products","url":"https:\/\/www.gilbert-tech.com\/en\/","logo":{"@type":"ImageObject","inLanguage":"en-US","@id":"https:\/\/www.gilbert-tech.com\/en\/#\/schema\/logo\/image\/","url":"https:\/\/www.gilbert-tech.com\/wp-content\/uploads\/2025\/03\/305270727_507252688069676_4369697491652398340_n.jpg","contentUrl":"https:\/\/www.gilbert-tech.com\/wp-content\/uploads\/2025\/03\/305270727_507252688069676_4369697491652398340_n.jpg","width":1638,"height":1638,"caption":"Gilbert Products"},"image":{"@id":"https:\/\/www.gilbert-tech.com\/en\/#\/schema\/logo\/image\/"},"sameAs":["https:\/\/www.facebook.com\/profile.php?id=100063548473541&viewas&show_switched_toast=false&show_switched_tooltip=false&is_tour_dismissed=false&is_tour_completed=false&show_podcast_settings=false&show_community_review_changes=false&should_open_composer=false&badge_type=NEW_MEMBER&show_community_rollback_toast=false&show_community_rollback=false&show_follower_visibility_disclosure=false&bypass_exit_warning=true&locale=fr_CA"]}]}},"_links":{"self":[{"href":"https:\/\/www.gilbert-tech.com\/en\/wp-json\/wp\/v2\/pages\/11262","targetHints":{"allow":["GET"]}}],"collection":[{"href":"https:\/\/www.gilbert-tech.com\/en\/wp-json\/wp\/v2\/pages"}],"about":[{"href":"https:\/\/www.gilbert-tech.com\/en\/wp-json\/wp\/v2\/types\/page"}],"author":[{"embeddable":true,"href":"https:\/\/www.gilbert-tech.com\/en\/wp-json\/wp\/v2\/users\/196"}],"replies":[{"embeddable":true,"href":"https:\/\/www.gilbert-tech.com\/en\/wp-json\/wp\/v2\/comments?post=11262"}],"version-history":[{"count":2,"href":"https:\/\/www.gilbert-tech.com\/en\/wp-json\/wp\/v2\/pages\/11262\/revisions"}],"predecessor-version":[{"id":12961,"href":"https:\/\/www.gilbert-tech.com\/en\/wp-json\/wp\/v2\/pages\/11262\/revisions\/12961"}],"up":[{"embeddable":true,"href":"https:\/\/www.gilbert-tech.com\/en\/wp-json\/wp\/v2\/pages\/11260"}],"wp:featuredmedia":[{"embeddable":true,"href":"https:\/\/www.gilbert-tech.com\/en\/wp-json\/wp\/v2\/media\/10634"}],"wp:attachment":[{"href":"https:\/\/www.gilbert-tech.com\/en\/wp-json\/wp\/v2\/media?parent=11262"}],"curies":[{"name":"wp","href":"https:\/\/api.w.org\/{rel}","templated":true}]}}